{"id":1675,"date":"2019-06-06T21:20:26","date_gmt":"2019-06-06T21:20:26","guid":{"rendered":"https:\/\/bikanaswimwear.com\/?post_type=product&#038;p=1675"},"modified":"2026-03-06T09:12:07","modified_gmt":"2026-03-06T09:12:07","slug":"copacabana-rose-ref-6042","status":"publish","type":"product","link":"https:\/\/bikanaswimwear.com\/es\/shop\/copacabana-rose-ref-6042\/","title":{"rendered":"COPACABANA ROSE \/ REF. 6042"},"content":{"rendered":"<p>La modelo est\u00e1 usando talla S.<\/p>","protected":false},"excerpt":{"rendered":"<p>DETALLES<br \/>\n\u2013 Todo Reversible<br \/>\n\u2013 Las dos piezas sin costura<br \/>\n\u2013 El reverso del bikini es negro<br \/>\n\u2013 Detalle de crochet en escote y bottom<\/p>\n<p>TOP<br \/>\n\u2013 Copas de relleno<br \/>\n\u2013 Lazo de amarre en la espalda<\/p>\n<p>BOTTOM<br \/>\n\u2013 Cobertura media<br \/>\n\u2013 Tiene arruche en la parte trasera<\/p>\n<p>Pa\u00eds de Fabricaci\u00f3n: M\u00e9xico<br \/>\nTejido origen: Brasil<br \/>\nMaterial: 80% poliamida y 20% elastano<br \/>\nCuidados: Lavar a mano con agua fr\u00eda<br \/>\nDise\u00f1o: Propio de Bikana<\/p>\n","protected":false},"featured_media":2241,"template":"","meta":[],"_links":{"self":[{"href":"https:\/\/bikanaswimwear.com\/es\/wp-json\/wp\/v2\/product\/1675"}],"collection":[{"href":"https:\/\/bikanaswimwear.com\/es\/wp-json\/wp\/v2\/product"}],"about":[{"href":"https:\/\/bikanaswimwear.com\/es\/wp-json\/wp\/v2\/types\/product"}],"wp:featuredmedia":[{"embeddable":true,"href":"https:\/\/bikanaswimwear.com\/es\/wp-json\/wp\/v2\/media\/2241"}],"wp:attachment":[{"href":"https:\/\/bikanaswimwear.com\/es\/wp-json\/wp\/v2\/media?parent=1675"}],"curies":[{"name":"wp","href":"https:\/\/api.w.org\/{rel}","templated":true}]}}