{"id":625,"date":"2016-12-30T04:41:01","date_gmt":"2016-12-30T04:41:01","guid":{"rendered":"https:\/\/bikanaswimwear.com\/?page_id=625"},"modified":"2017-01-18T16:17:31","modified_gmt":"2017-01-18T16:17:31","slug":"returns-and-exchange","status":"publish","type":"page","link":"https:\/\/bikanaswimwear.com\/es\/returns-and-exchange\/","title":{"rendered":"T\u00e9rminos y Condiciones"},"content":{"rendered":"<p>Se han definido los siguientes T\u00e9rminos y Condiciones de uso para proteger la utilizaci\u00f3n entre la p\u00e1gina web <b>www.bikanaswimwear.com<\/b> y nuestros clientes, incluyendo los servicios ofrecidos a trav\u00e9s de Bikana Swimwear \u00a0al ingresar a nuestra web o al realizar cualquier compra a trav\u00e9s de BikanaSwimwear.com, se considera que el cliente ha aceptado los T\u00e9rminos y Condiciones de Uso que se\u00f1alamos a continuaci\u00f3n:<\/p>\n<p>&nbsp;<\/p>\n<h5><strong>CONDICIONES GENERALES<\/strong><\/h5>\n<p>Los servicios otorgados por BikanaSwimwear.com, s\u00f3lo est\u00e1n disponibles para personas mayores de edad (18 a\u00f1os), de acuerdo a la leyes establecidad.<\/p>\n<hr \/>\n<h5><strong>RECOMENDACIONES<\/strong><\/h5>\n<p>Por favor aseg\u00farate de usar ropa interior al momento de probarte las prendas.<\/p>\n<p>Si deseas hacer un\u00a0cambio o devoluci\u00f3n, por favor ten en cuenta que los productos que no tengan las etiquetas originales y protectores de higiene en su lugar, est\u00e9n da\u00f1ados, lavados de alguna manera, sucios, desgastados, da\u00f1ados, con manchas de desodorante, tengan da\u00f1os por humo u olor a humedad no ser\u00e1n tenidos en cuenta para este proceso. No se har\u00e1 ninguna excepci\u00f3n con respecto a estas condiciones.<\/p>\n<p>En caso de cambiar o devolver alguna prenda, la mercanc\u00eda ser\u00e1 devuelta y ser\u00e1s responsable por los costos de devoluci\u00f3n. Todas estas medidas las aplicamos para poder garantizar tu satisfacci\u00f3n. BIKANA no cubre los gastos de devoluci\u00f3n. Te recomendamos que nos env\u00edes la mercanc\u00eda usando el env\u00edo m\u00e1s asequible con seguimiento que haya en tu pa\u00eds.<\/p>\n<hr \/>\n<h5><strong>CAMBIOS<\/strong><\/h5>\n<p>Los cambios se aceptan hasta 15 d\u00edas despu\u00e9s de la fecha de entrega.<\/p>\n<p>Bikana Swimwear no se hace responsable por la p\u00e9rdida de art\u00edculos de devoluci\u00f3n.<\/p>\n<p>Los art\u00edculos para cambio ser\u00e1n enviados una vez hayan sido recibidos, revisados y aprobados los productos de devoluci\u00f3n.<\/p>\n<p>Los cambios ser\u00e1n procesados 2-5 d\u00edas h\u00e1biles despu\u00e9s de ser aprobado el cambio.<\/p>\n<p>Si tienes cualquier otra pregunta, no dudes en contactarnos en <a href=\"mailto:info@bikanaswimwear.com\">info@bikanaswimwear.com<\/a><\/p>\n<p>Cualquier producto comprado con alg\u00fan tipo de descuento es considerada una venta final y no puede ser cambiado.<\/p>","protected":false},"excerpt":{"rendered":"<p>Se han definido los siguientes T\u00e9rminos y Condiciones de uso para proteger la utilizaci\u00f3n entre la p\u00e1gina web www.bikanaswimwear.com y nuestros clientes, incluyendo los servicios ofrecidos a trav\u00e9s de Bikana Swimwear \u00a0al ingresar a nuestra web o al realizar cualquier compra a trav\u00e9s de BikanaSwimwear.com, se considera que el cliente ha aceptado los T\u00e9rminos y [&hellip;]<\/p>\n","protected":false},"author":1,"featured_media":0,"parent":0,"menu_order":0,"comment_status":"closed","ping_status":"closed","template":"","meta":[],"_links":{"self":[{"href":"https:\/\/bikanaswimwear.com\/es\/wp-json\/wp\/v2\/pages\/625"}],"collection":[{"href":"https:\/\/bikanaswimwear.com\/es\/wp-json\/wp\/v2\/pages"}],"about":[{"href":"https:\/\/bikanaswimwear.com\/es\/wp-json\/wp\/v2\/types\/page"}],"author":[{"embeddable":true,"href":"https:\/\/bikanaswimwear.com\/es\/wp-json\/wp\/v2\/users\/1"}],"replies":[{"embeddable":true,"href":"https:\/\/bikanaswimwear.com\/es\/wp-json\/wp\/v2\/comments?post=625"}],"version-history":[{"count":10,"href":"https:\/\/bikanaswimwear.com\/es\/wp-json\/wp\/v2\/pages\/625\/revisions"}],"predecessor-version":[{"id":834,"href":"https:\/\/bikanaswimwear.com\/es\/wp-json\/wp\/v2\/pages\/625\/revisions\/834"}],"wp:attachment":[{"href":"https:\/\/bikanaswimwear.com\/es\/wp-json\/wp\/v2\/media?parent=625"}],"curies":[{"name":"wp","href":"https:\/\/api.w.org\/{rel}","templated":true}]}}