{"id":619,"date":"2016-12-30T04:32:43","date_gmt":"2016-12-30T04:32:43","guid":{"rendered":"https:\/\/bikanaswimwear.com\/?page_id=619"},"modified":"2021-06-18T11:28:30","modified_gmt":"2021-06-18T11:28:30","slug":"payments-options","status":"publish","type":"page","link":"https:\/\/bikanaswimwear.com\/es\/payments-options\/","title":{"rendered":"Formas de Pago"},"content":{"rendered":"<p><\/p>\n<p><b>M\u00c9TODOS DE PAGO<\/b><\/p>\n<p><img loading=\"lazy\" class=\"wp-image-1940 alignnone\" src=\"https:\/\/bikanaswimwear.com\/wp-content\/uploads\/2021\/06\/0022A8B6-319E-413C-A91F-A417D6ED8C8D_4_5005_c.jpeg\" alt=\"\" width=\"290\" height=\"137\" srcset=\"https:\/\/bikanaswimwear.com\/wp-content\/uploads\/2021\/06\/0022A8B6-319E-413C-A91F-A417D6ED8C8D_4_5005_c.jpeg 328w, https:\/\/bikanaswimwear.com\/wp-content\/uploads\/2021\/06\/0022A8B6-319E-413C-A91F-A417D6ED8C8D_4_5005_c-300x142.jpeg 300w, https:\/\/bikanaswimwear.com\/wp-content\/uploads\/2021\/06\/0022A8B6-319E-413C-A91F-A417D6ED8C8D_4_5005_c-24x11.jpeg 24w, https:\/\/bikanaswimwear.com\/wp-content\/uploads\/2021\/06\/0022A8B6-319E-413C-A91F-A417D6ED8C8D_4_5005_c-36x17.jpeg 36w, https:\/\/bikanaswimwear.com\/wp-content\/uploads\/2021\/06\/0022A8B6-319E-413C-A91F-A417D6ED8C8D_4_5005_c-48x23.jpeg 48w\" sizes=\"(max-width: 290px) 100vw, 290px\" \/><\/p>\n<p><strong>SEGURIDAD<\/strong><\/p>\n<p><img loading=\"lazy\" class=\" wp-image-789 alignleft\" src=\"https:\/\/bikanaswimwear.com\/wp-content\/uploads\/2016\/12\/comodo_secure_seal_100x85_transp.png\" alt=\"\" width=\"122\" height=\"104\" srcset=\"https:\/\/bikanaswimwear.com\/wp-content\/uploads\/2016\/12\/comodo_secure_seal_100x85_transp.png 100w, https:\/\/bikanaswimwear.com\/wp-content\/uploads\/2016\/12\/comodo_secure_seal_100x85_transp-24x20.png 24w, https:\/\/bikanaswimwear.com\/wp-content\/uploads\/2016\/12\/comodo_secure_seal_100x85_transp-36x31.png 36w, https:\/\/bikanaswimwear.com\/wp-content\/uploads\/2016\/12\/comodo_secure_seal_100x85_transp-48x41.png 48w\" sizes=\"(max-width: 122px) 100vw, 122px\" \/><\/p>\n<p>Este sitio web utiliza un certificado SSL de Comodo para garantizar transacciones en l\u00ednea para los clientes. BIKANA SWIMWEAR se compromete a mantener los m\u00e1ximos niveles de seguridad y protecci\u00f3n frente al fraude. Nos mantenemos actualizados en cuanto a los \u00faltimos avances en tecnolog\u00eda de seguridad para garantizar que la informaci\u00f3n de contacto, env\u00edo y recepci\u00f3n, y tarjeta de cr\u00e9dito est\u00e9n a salvo.<\/p>\n<p><\/p>","protected":false},"excerpt":{"rendered":"<p>M\u00c9TODOS DE PAGO SEGURIDAD Este sitio web utiliza un certificado SSL de Comodo para garantizar transacciones en l\u00ednea para los clientes. BIKANA SWIMWEAR se compromete a mantener los m\u00e1ximos niveles de seguridad y protecci\u00f3n frente al fraude. Nos mantenemos actualizados en cuanto a los \u00faltimos avances en tecnolog\u00eda de seguridad para garantizar que la informaci\u00f3n [&hellip;]<\/p>\n","protected":false},"author":1,"featured_media":0,"parent":0,"menu_order":2,"comment_status":"closed","ping_status":"closed","template":"","meta":[],"_links":{"self":[{"href":"https:\/\/bikanaswimwear.com\/es\/wp-json\/wp\/v2\/pages\/619"}],"collection":[{"href":"https:\/\/bikanaswimwear.com\/es\/wp-json\/wp\/v2\/pages"}],"about":[{"href":"https:\/\/bikanaswimwear.com\/es\/wp-json\/wp\/v2\/types\/page"}],"author":[{"embeddable":true,"href":"https:\/\/bikanaswimwear.com\/es\/wp-json\/wp\/v2\/users\/1"}],"replies":[{"embeddable":true,"href":"https:\/\/bikanaswimwear.com\/es\/wp-json\/wp\/v2\/comments?post=619"}],"version-history":[{"count":29,"href":"https:\/\/bikanaswimwear.com\/es\/wp-json\/wp\/v2\/pages\/619\/revisions"}],"predecessor-version":[{"id":1948,"href":"https:\/\/bikanaswimwear.com\/es\/wp-json\/wp\/v2\/pages\/619\/revisions\/1948"}],"wp:attachment":[{"href":"https:\/\/bikanaswimwear.com\/es\/wp-json\/wp\/v2\/media?parent=619"}],"curies":[{"name":"wp","href":"https:\/\/api.w.org\/{rel}","templated":true}]}}