{"id":283,"date":"2016-12-16T21:49:59","date_gmt":"2016-12-16T21:49:59","guid":{"rendered":"https:\/\/bikanaswimwear.com\/?page_id=283"},"modified":"2025-05-20T10:23:43","modified_gmt":"2025-05-20T10:23:43","slug":"shipping-info","status":"publish","type":"page","link":"https:\/\/bikanaswimwear.com\/es\/shipping-info\/","title":{"rendered":"Env\u00edos"},"content":{"rendered":"<p><\/p>\n<p><img loading=\"lazy\" class=\"wp-image-1932 alignleft\" src=\"https:\/\/bikanaswimwear.com\/wp-content\/uploads\/2021\/06\/5648DE17-0B26-432B-9C79-93D3D1313212.jpeg\" alt=\"\" width=\"295\" height=\"172\" srcset=\"https:\/\/bikanaswimwear.com\/wp-content\/uploads\/2021\/06\/5648DE17-0B26-432B-9C79-93D3D1313212.jpeg 622w, https:\/\/bikanaswimwear.com\/wp-content\/uploads\/2021\/06\/5648DE17-0B26-432B-9C79-93D3D1313212-300x175.jpeg 300w, https:\/\/bikanaswimwear.com\/wp-content\/uploads\/2021\/06\/5648DE17-0B26-432B-9C79-93D3D1313212-600x349.jpeg 600w, https:\/\/bikanaswimwear.com\/wp-content\/uploads\/2021\/06\/5648DE17-0B26-432B-9C79-93D3D1313212-400x233.jpeg 400w, https:\/\/bikanaswimwear.com\/wp-content\/uploads\/2021\/06\/5648DE17-0B26-432B-9C79-93D3D1313212-24x14.jpeg 24w, https:\/\/bikanaswimwear.com\/wp-content\/uploads\/2021\/06\/5648DE17-0B26-432B-9C79-93D3D1313212-36x21.jpeg 36w, https:\/\/bikanaswimwear.com\/wp-content\/uploads\/2021\/06\/5648DE17-0B26-432B-9C79-93D3D1313212-48x28.jpeg 48w\" sizes=\"(max-width: 295px) 100vw, 295px\" \/><\/p>\n<p><img loading=\"lazy\" class=\"wp-image-1969  alignnone\" src=\"https:\/\/bikanaswimwear.com\/wp-content\/uploads\/2022\/03\/LOGO-SEUR-DPD-1-400x294.jpg\" alt=\"\" width=\"322\" height=\"237\" srcset=\"https:\/\/bikanaswimwear.com\/wp-content\/uploads\/2022\/03\/LOGO-SEUR-DPD-1-400x294.jpg 400w, https:\/\/bikanaswimwear.com\/wp-content\/uploads\/2022\/03\/LOGO-SEUR-DPD-1-scaled-300x220.jpg 300w, https:\/\/bikanaswimwear.com\/wp-content\/uploads\/2022\/03\/LOGO-SEUR-DPD-1-scaled-600x440.jpg 600w, https:\/\/bikanaswimwear.com\/wp-content\/uploads\/2022\/03\/LOGO-SEUR-DPD-1-1024x752.jpg 1024w, https:\/\/bikanaswimwear.com\/wp-content\/uploads\/2022\/03\/LOGO-SEUR-DPD-1-768x564.jpg 768w, https:\/\/bikanaswimwear.com\/wp-content\/uploads\/2022\/03\/LOGO-SEUR-DPD-1-1536x1128.jpg 1536w, https:\/\/bikanaswimwear.com\/wp-content\/uploads\/2022\/03\/LOGO-SEUR-DPD-1-2048x1503.jpg 2048w, https:\/\/bikanaswimwear.com\/wp-content\/uploads\/2022\/03\/LOGO-SEUR-DPD-1-24x18.jpg 24w, https:\/\/bikanaswimwear.com\/wp-content\/uploads\/2022\/03\/LOGO-SEUR-DPD-1-36x26.jpg 36w, https:\/\/bikanaswimwear.com\/wp-content\/uploads\/2022\/03\/LOGO-SEUR-DPD-1-48x35.jpg 48w\" sizes=\"(max-width: 322px) 100vw, 322px\" \/><img loading=\"lazy\" class=\"alignright  wp-image-2205\" src=\"https:\/\/bikanaswimwear.com\/wp-content\/uploads\/2025\/05\/Captura-de-pantalla-2025-05-20-a-las-12.08.30.png\" alt=\"\" width=\"188\" height=\"148\" srcset=\"https:\/\/bikanaswimwear.com\/wp-content\/uploads\/2025\/05\/Captura-de-pantalla-2025-05-20-a-las-12.08.30.png 824w, https:\/\/bikanaswimwear.com\/wp-content\/uploads\/2025\/05\/Captura-de-pantalla-2025-05-20-a-las-12.08.30-600x472.png 600w, https:\/\/bikanaswimwear.com\/wp-content\/uploads\/2025\/05\/Captura-de-pantalla-2025-05-20-a-las-12.08.30-400x315.png 400w, https:\/\/bikanaswimwear.com\/wp-content\/uploads\/2025\/05\/Captura-de-pantalla-2025-05-20-a-las-12.08.30-768x604.png 768w, https:\/\/bikanaswimwear.com\/wp-content\/uploads\/2025\/05\/Captura-de-pantalla-2025-05-20-a-las-12.08.30-24x19.png 24w, https:\/\/bikanaswimwear.com\/wp-content\/uploads\/2025\/05\/Captura-de-pantalla-2025-05-20-a-las-12.08.30-36x28.png 36w, https:\/\/bikanaswimwear.com\/wp-content\/uploads\/2025\/05\/Captura-de-pantalla-2025-05-20-a-las-12.08.30-48x38.png 48w, https:\/\/bikanaswimwear.com\/wp-content\/uploads\/2025\/05\/Captura-de-pantalla-2025-05-20-a-las-12.08.30-300x236.png 300w\" sizes=\"(max-width: 188px) 100vw, 188px\" \/><\/p>\n<p>Los env\u00edos se realizar\u00e1n por SEUR o CORREOS.<\/p>\n<ul>\n<li>Espa\u00f1a Peninsular: 1 a 3 d\u00edas h\u00e1biles &#8211; <strong>ENV\u00cdOS GRATIS<\/strong>.<\/li>\n<li>Portugal: 2 a 5 d\u00edas h\u00e1biles.<\/li>\n<li>Europa: 3 a 5 d\u00edas h\u00e1biles.<\/li>\n<li>Resto del mundo: 7 a 10 d\u00edas h\u00e1biles.<\/li>\n<\/ul>\n<p><\/p>","protected":false},"excerpt":{"rendered":"<p>Los env\u00edos se realizar\u00e1n por SEUR o CORREOS. Espa\u00f1a Peninsular: 1 a 3 d\u00edas h\u00e1biles &#8211; ENV\u00cdOS GRATIS. Portugal: 2 a 5 d\u00edas h\u00e1biles. Europa: 3 a 5 d\u00edas h\u00e1biles. Resto del mundo: 7 a 10 d\u00edas h\u00e1biles.<\/p>\n","protected":false},"author":1,"featured_media":0,"parent":0,"menu_order":4,"comment_status":"closed","ping_status":"closed","template":"","meta":[],"_links":{"self":[{"href":"https:\/\/bikanaswimwear.com\/es\/wp-json\/wp\/v2\/pages\/283"}],"collection":[{"href":"https:\/\/bikanaswimwear.com\/es\/wp-json\/wp\/v2\/pages"}],"about":[{"href":"https:\/\/bikanaswimwear.com\/es\/wp-json\/wp\/v2\/types\/page"}],"author":[{"embeddable":true,"href":"https:\/\/bikanaswimwear.com\/es\/wp-json\/wp\/v2\/users\/1"}],"replies":[{"embeddable":true,"href":"https:\/\/bikanaswimwear.com\/es\/wp-json\/wp\/v2\/comments?post=283"}],"version-history":[{"count":118,"href":"https:\/\/bikanaswimwear.com\/es\/wp-json\/wp\/v2\/pages\/283\/revisions"}],"predecessor-version":[{"id":2206,"href":"https:\/\/bikanaswimwear.com\/es\/wp-json\/wp\/v2\/pages\/283\/revisions\/2206"}],"wp:attachment":[{"href":"https:\/\/bikanaswimwear.com\/es\/wp-json\/wp\/v2\/media?parent=283"}],"curies":[{"name":"wp","href":"https:\/\/api.w.org\/{rel}","templated":true}]}}